{"id":2030,"date":"2022-09-01T14:41:43","date_gmt":"2022-09-01T14:41:43","guid":{"rendered":"https:\/\/jwellweb.com\/?page_id=2030"},"modified":"2022-10-22T17:05:17","modified_gmt":"2022-10-22T17:05:17","slug":"politique-de-confidentialite","status":"publish","type":"page","link":"https:\/\/jwellweb.com\/?page_id=2030","title":{"rendered":"Politique de confidentialit\u00e9"},"content":{"rendered":"\t\t<div data-elementor-type=\"wp-page\" data-elementor-id=\"2030\" class=\"elementor elementor-2030\">\n\t\t\t\t\t\t\t\t\t<section class=\"elementor-section elementor-top-section elementor-element elementor-element-d268cca elementor-section-boxed elementor-section-height-default elementor-section-height-default\" data-id=\"d268cca\" data-element_type=\"section\">\n\t\t\t\t\t\t<div class=\"elementor-container elementor-column-gap-default\">\n\t\t\t\t\t<div class=\"elementor-column elementor-col-100 elementor-top-column elementor-element elementor-element-4b51a53\" data-id=\"4b51a53\" data-element_type=\"column\">\n\t\t\t<div class=\"elementor-widget-wrap elementor-element-populated\">\n\t\t\t\t\t\t\t\t<div class=\"elementor-element elementor-element-e7f7b5a elementor-widget elementor-widget-heading\" data-id=\"e7f7b5a\" data-element_type=\"widget\" data-widget_type=\"heading.default\">\n\t\t\t\t<div class=\"elementor-widget-container\">\n\t\t\t<style>\/*! elementor - v3.10.2 - 29-01-2023 *\/\n.elementor-heading-title{padding:0;margin:0;line-height:1}.elementor-widget-heading .elementor-heading-title[class*=elementor-size-]>a{color:inherit;font-size:inherit;line-height:inherit}.elementor-widget-heading .elementor-heading-title.elementor-size-small{font-size:15px}.elementor-widget-heading .elementor-heading-title.elementor-size-medium{font-size:19px}.elementor-widget-heading .elementor-heading-title.elementor-size-large{font-size:29px}.elementor-widget-heading .elementor-heading-title.elementor-size-xl{font-size:39px}.elementor-widget-heading .elementor-heading-title.elementor-size-xxl{font-size:59px}<\/style><h1 class=\"elementor-heading-title elementor-size-default\">POLITIQUE DE CONFIDENTIALIT\u00c9<\/h1>\t\t<\/div>\n\t\t\t\t<\/div>\n\t\t\t\t\t<\/div>\n\t\t<\/div>\n\t\t\t\t\t\t\t<\/div>\n\t\t<\/section>\n\t\t\t\t<section class=\"elementor-section elementor-top-section elementor-element elementor-element-7fbe259 elementor-section-boxed elementor-section-height-default elementor-section-height-default\" data-id=\"7fbe259\" data-element_type=\"section\">\n\t\t\t\t\t\t<div class=\"elementor-container elementor-column-gap-default\">\n\t\t\t\t\t<div class=\"elementor-column elementor-col-100 elementor-top-column elementor-element elementor-element-4a206ec\" data-id=\"4a206ec\" data-element_type=\"column\">\n\t\t\t<div class=\"elementor-widget-wrap elementor-element-populated\">\n\t\t\t\t\t\t\t\t<div class=\"elementor-element elementor-element-2fb92b9 elementor-widget elementor-widget-heading\" data-id=\"2fb92b9\" data-element_type=\"widget\" data-widget_type=\"heading.default\">\n\t\t\t\t<div class=\"elementor-widget-container\">\n\t\t\t<h1 class=\"elementor-heading-title elementor-size-default\">POLITIQUE DE CONFIDENTIALIT\u00c9<\/h1>\t\t<\/div>\n\t\t\t\t<\/div>\n\t\t\t\t<div class=\"elementor-element elementor-element-74f3a92 elementor-widget elementor-widget-text-editor\" data-id=\"74f3a92\" data-element_type=\"widget\" data-widget_type=\"text-editor.default\">\n\t\t\t\t<div class=\"elementor-widget-container\">\n\t\t\t<style>\/*! elementor - v3.10.2 - 29-01-2023 *\/\n.elementor-widget-text-editor.elementor-drop-cap-view-stacked .elementor-drop-cap{background-color:#818a91;color:#fff}.elementor-widget-text-editor.elementor-drop-cap-view-framed .elementor-drop-cap{color:#818a91;border:3px solid;background-color:transparent}.elementor-widget-text-editor:not(.elementor-drop-cap-view-default) .elementor-drop-cap{margin-top:8px}.elementor-widget-text-editor:not(.elementor-drop-cap-view-default) .elementor-drop-cap-letter{width:1em;height:1em}.elementor-widget-text-editor .elementor-drop-cap{float:left;text-align:center;line-height:1;font-size:50px}.elementor-widget-text-editor .elementor-drop-cap-letter{display:inline-block}<\/style>\t\t\t\t<h1><span style=\"color: #ffffff;\">QUI SOMMES-NOUS ?<\/span><\/h1><p>L\u2019adresse de notre site Web est : https:\/\/jwellweb.com.<\/p><p>H\u00e9bergement :<\/p><p>Hostinger<\/p><p>Hostinger International Ltd.<br \/>61 rue Lordou Vironos, 6023<br \/>Informatique et libert\u00e9<\/p><p>Aucune information personnelle n\u2019est collect\u00e9e \u00e0 votre insu. Les informations que vous nous communiquez lors d\u2019une demande de devis, de renseignements par courrier, par t\u00e9l\u00e9phone, par e-mail ou par formulaire sont uniquement destin\u00e9es au traitement administratif et commercial de votre demande par notre agence.<\/p><p>Elles ne font l\u2019objet d\u2019aucune cession \u00e0 des tiers. JwellWeb traite les informations qui vous concernent avec la plus grande confidentialit\u00e9.<\/p><p>Conform\u00e9ment \u00e0 la loi \u00ab Informatique et Libert\u00e9s \u00bb n\u00b078-17 du 6 janvier 1978, vous disposez d\u2019un droit d\u2019acc\u00e8s, de rectification et d\u2019opposition aux donn\u00e9es personnelles vous concernant. Pour l\u2019exercer, il suffit de nous en faire la demande par mail aux coordonn\u00e9es suivantes : <span style=\"font-family: Roboto, sans-serif;\"><span style=\"font-size: 14px;\">jwellweb@yahoo.com<\/span><\/span>.<\/p><h1><br \/><span style=\"color: #ffffff;\">DROIT D&rsquo;AUTEURS \/ COPYRIGHT<\/span><\/h1><p>L\u2019ensemble du contenu du pr\u00e9sent site Internet, y compris nom de domaine, marques, logo, texte\u2026 est la propri\u00e9t\u00e9 de\u00a0 JwellWeb, il est prot\u00e9g\u00e9 par les lois en vigueur de la l\u00e9gislation fran\u00e7aise sur la propri\u00e9t\u00e9 intellectuelle.<\/p><p>Aucun \u00e9l\u00e9ment de ce site ne peut \u00eatre copi\u00e9, reproduit, d\u00e9tourn\u00e9 ou d\u00e9natur\u00e9, et ce, sur quelque support que ce soit, sans constituer un acte de contrefa\u00e7on au sens des articles L 335-2 et suivants du code de la propri\u00e9t\u00e9 intellectuelle.<\/p><h1><br \/><span style=\"color: #ffffff;\">ACC\u00c8S AU SITE<\/span><\/h1><p>L\u2019utilisateur de ce site reconna\u00eet disposer de la comp\u00e9tence et des moyens n\u00e9cessaires pour acc\u00e9der et utiliser ce site. JwellWeb ne saurait \u00eatre tenue responsable des \u00e9l\u00e9ments en dehors de son contr\u00f4le et des dommages qui pourraient \u00e9ventuellement \u00eatre subis par l\u2019environnement technique de l\u2019utilisateur et notamment, ses ordinateurs, logiciels, \u00e9quipements r\u00e9seaux et tout autre mat\u00e9riel utilis\u00e9 pour acc\u00e9der ou utiliser le service et\/ou les informations.<\/p><p>Il est rappel\u00e9 que le fait d\u2019acc\u00e9der ou de se maintenir frauduleusement dans un syst\u00e8me informatique, d\u2019entraver ou de fausser le fonctionnement d\u2019un tel syst\u00e8me, d\u2019introduire ou de modifier frauduleusement des donn\u00e9es dans un syst\u00e8me informatique constitue des d\u00e9lits passibles de sanctions p\u00e9nales.<\/p><h1><br \/><span style=\"color: #ffffff;\">LIMITATION DES RESPONSABILIT\u00c9S<\/span><\/h1><p>JwellWeb s\u2019attache \u00e0 transmettre des informations r\u00e9guli\u00e8rement mises \u00e0 jour, notamment sur les actualit\u00e9s ainsi que sur le contenu des articles. Toutefois des informations erron\u00e9es ou des omissions peuvent \u00eatre constat\u00e9es, suite notamment \u00e0 des erreurs de saisie ou de mise en page. Si vous en faisiez le constat nous vous invitons \u00e0 nous le signaler pour que nous puissions proc\u00e9der \u00e0 leur rectification.<\/p><p>Nous nous r\u00e9servons par ailleurs le droit de modifier les informations ou les \u00e9ventuelles offres commerciales fournies par le pr\u00e9sent site, dans le cadre de nos op\u00e9rations d\u2019actualisation et de mise \u00e0 jour des donn\u00e9es, et ce sans pr\u00e9avis.<\/p><p>Les liens hypertextes mis en oeuvre au sein du pr\u00e9sent site Internet, en direction d\u2019autres sites et\/ou de pages personnelles et d\u2019une mani\u00e8re g\u00e9n\u00e9rale vers toutes ressources existantes sur Internet, ne sauraient engager la responsabilit\u00e9 de JwellWeb.<br \/>De m\u00eame que l\u2019agence JwellWeb ne pourra en aucune fa\u00e7on \u00eatre tenue pour responsable des sites ayant un lien hypertexte avec le pr\u00e9sent site et d\u00e9cline toute responsabilit\u00e9 quant \u00e0 leur contenu et \u00e0 leur utilisation.<\/p>\t\t\t\t\t\t<\/div>\n\t\t\t\t<\/div>\n\t\t\t\t\t<\/div>\n\t\t<\/div>\n\t\t\t\t\t\t\t<\/div>\n\t\t<\/section>\n\t\t\t\t\t\t\t<\/div>\n\t\t","protected":false},"excerpt":{"rendered":"<p>POLITIQUE DE CONFIDENTIALIT\u00c9 POLITIQUE DE CONFIDENTIALIT\u00c9 QUI SOMMES-NOUS ? L\u2019adresse de notre site Web est : https:\/\/jwellweb.com. H\u00e9bergement : Hostinger Hostinger International Ltd.61 rue Lordou Vironos, 6023Informatique et libert\u00e9 Aucune information personnelle n\u2019est collect\u00e9e \u00e0 votre insu. Les informations que vous nous communiquez lors d\u2019une demande de devis, de renseignements par courrier, par t\u00e9l\u00e9phone, par [&hellip;]<\/p>\n","protected":false},"author":1,"featured_media":0,"parent":0,"menu_order":0,"comment_status":"closed","ping_status":"closed","template":"elementor_canvas","meta":{"om_disable_all_campaigns":false},"aioseo_notices":[],"_links":{"self":[{"href":"https:\/\/jwellweb.com\/index.php?rest_route=\/wp\/v2\/pages\/2030"}],"collection":[{"href":"https:\/\/jwellweb.com\/index.php?rest_route=\/wp\/v2\/pages"}],"about":[{"href":"https:\/\/jwellweb.com\/index.php?rest_route=\/wp\/v2\/types\/page"}],"author":[{"embeddable":true,"href":"https:\/\/jwellweb.com\/index.php?rest_route=\/wp\/v2\/users\/1"}],"replies":[{"embeddable":true,"href":"https:\/\/jwellweb.com\/index.php?rest_route=%2Fwp%2Fv2%2Fcomments&post=2030"}],"version-history":[{"count":17,"href":"https:\/\/jwellweb.com\/index.php?rest_route=\/wp\/v2\/pages\/2030\/revisions"}],"predecessor-version":[{"id":4312,"href":"https:\/\/jwellweb.com\/index.php?rest_route=\/wp\/v2\/pages\/2030\/revisions\/4312"}],"wp:attachment":[{"href":"https:\/\/jwellweb.com\/index.php?rest_route=%2Fwp%2Fv2%2Fmedia&parent=2030"}],"curies":[{"name":"wp","href":"https:\/\/api.w.org\/{rel}","templated":true}]}}